{"id":4014,"date":"2022-08-19T15:47:35","date_gmt":"2022-08-19T13:47:35","guid":{"rendered":"https:\/\/prsproperty.se\/?page_id=4014"},"modified":"2022-08-19T16:12:03","modified_gmt":"2022-08-19T14:12:03","slug":"guidelines","status":"publish","type":"page","link":"https:\/\/prsproperty.se\/en\/guidelines\/","title":{"rendered":"Guidelines"},"content":{"rendered":"<div data-colibri-id=\"4014-c1\" class=\"style-1113 style-local-4014-c1 position-relative\">\n  <!---->\n  <div data-colibri-component=\"section\" data-colibri-id=\"4014-c2\" id=\"content\" class=\"h-section h-section-global-spacing d-flex align-items-lg-center align-items-md-center align-items-center style-1114 style-local-4014-c2 position-relative\">\n    <!---->\n    <!---->\n    <div class=\"h-section-grid-container h-section-boxed-container\">\n      <div data-colibri-id=\"4014-c29\" class=\"h-row-container gutters-row-lg-2 gutters-row-md-2 gutters-row-0 gutters-row-v-lg-2 gutters-row-v-md-2 gutters-row-v-2 style-1126 style-local-4014-c29 position-relative\">\n        <!---->\n        <div class=\"h-row justify-content-lg-center justify-content-md-center justify-content-center align-items-lg-stretch align-items-md-stretch align-items-stretch gutters-col-lg-2 gutters-col-md-2 gutters-col-0 gutters-col-v-lg-2 gutters-col-v-md-2 gutters-col-v-2\">\n          <!---->\n          <div class=\"h-column h-column-container d-flex h-col-lg-auto h-col-md-auto h-col-auto style-1127-outer style-local-4014-c30-outer\">\n            <div data-colibri-id=\"4014-c30\" class=\"d-flex h-flex-basis h-column__inner h-px-lg-2 h-px-md-2 h-px-2 v-inner-lg-2 v-inner-md-2 v-inner-2 style-1127 style-local-4014-c30 position-relative\">\n              <!---->\n              <!---->\n              <div class=\"w-100 h-y-container h-column__content h-column__v-align flex-basis-100 align-self-lg-start align-self-md-start align-self-start\">\n                <!---->\n                <div data-colibri-id=\"4014-c31\" class=\"h-global-transition-all h-heading style-1128 style-local-4014-c31 position-relative h-element\">\n                  <!---->\n                  <div class=\"h-heading__outer style-1128 style-local-4014-c31\">\n                    <!---->\n                    <!---->\n                    <h2 class=\"\"><span style=\"font-size: 75%;\">We have included some minor maintenance guidelines for apartment use<\/span><\/h2>\n                  <\/div>\n                <\/div>\n              <\/div>\n            <\/div>\n          <\/div>\n        <\/div>\n      <\/div>\n      <div data-colibri-id=\"4014-c3\" class=\"h-row-container gutters-row-lg-0 gutters-row-md-0 gutters-row-2 gutters-row-v-lg-0 gutters-row-v-md-0 gutters-row-v-0 style-1115 style-local-4014-c3 position-relative\">\n        <!---->\n        <div class=\"h-row justify-content-lg-center justify-content-md-center justify-content-center align-items-lg-center align-items-md-center align-items-center gutters-col-lg-0 gutters-col-md-0 gutters-col-2 gutters-col-v-lg-0 gutters-col-v-md-0 gutters-col-v-0\">\n          <!---->\n          <div class=\"h-column h-column-container d-flex h-col-lg-auto h-col-md-auto h-col-auto align-self-lg-center align-self-md-center align-self-center style-1116-outer style-local-4014-c4-outer\">\n            <div data-colibri-id=\"4014-c4\" class=\"d-flex h-flex-basis h-column__inner h-px-lg-0 h-px-md-0 h-px-0 v-inner-lg-0 v-inner-md-0 v-inner-0 style-1116 style-local-4014-c4 position-relative\">\n              <!---->\n              <!---->\n              <div class=\"w-100 h-y-container h-column__content h-column__v-align flex-basis-100 align-self-lg-center align-self-md-center align-self-center\">\n                <!---->\n                <div data-colibri-id=\"4014-c5\" class=\"h-row-container gutters-row-lg-2 gutters-row-md-1 gutters-row-0 gutters-row-v-lg-2 gutters-row-v-md-1 gutters-row-v-2 style-1117 style-local-4014-c5 position-relative\">\n                  <!---->\n                  <div class=\"h-row justify-content-lg-center justify-content-md-center justify-content-center align-items-lg-stretch align-items-md-stretch align-items-stretch gutters-col-lg-2 gutters-col-md-1 gutters-col-0 gutters-col-v-lg-2 gutters-col-v-md-1 gutters-col-v-2\">\n                    <!---->\n                    <div class=\"h-column h-column-container d-flex h-col-lg-4 h-col-md-6 h-col-12 style-1118-outer style-local-4014-c18-outer\">\n                      <div data-colibri-id=\"4014-c18\" class=\"d-flex h-flex-basis h-column__inner h-px-lg-2 h-px-md-1 h-px-2 v-inner-lg-2 v-inner-md-1 v-inner-2 style-1118 style-local-4014-c18 position-relative\">\n                        <!---->\n                        <!---->\n                        <div class=\"w-100 h-y-container h-column__content h-column__v-align flex-basis-100 align-self-lg-start align-self-md-start align-self-start\">\n                          <!---->\n                          <div data-colibri-id=\"4014-c19\" class=\"h-icon style-1134 style-local-4014-c19 position-relative h-element\">\n                            <!----><span class=\"h-svg-icon h-icon__icon style-1134-icon style-local-4014-c19-icon\"><!--Icon by Font Awesome (https:\/\/fontawesome.com)--><svg version=\"1.1\" xmlns=\"http:\/\/www.w3.org\/2000\/svg\" xmlns:xlink=\"http:\/\/www.w3.org\/1999\/xlink\" id=\"shower\" viewbox=\"0 0 1920 1896.0833\"><path d=\"M1433 249q10 10 10 23t-10 23L807 921q-10 10-23 10t-23-10l-82-82q-10-10-10-23t10-23l44-44q-72-91-81.5-207T688 327q-74-71-176-71-106 0-181 75t-75 181v1280H0V512q0-104 40.5-198.5T150 150 313.5 40.5 512 0q106 0 201 41t166 115q94-39 197-24.5t185 79.5l44-44q10-10 23-10t23 10zm-89 263q26 0 45 19t19 45-19 45-45 19-45-19-19-45 19-45 45-19zm256 128q-26 0-45-19t-19-45 19-45 45-19 45 19 19 45-19 45-45 19zm256-128q26 0 45 19t19 45-19 45-45 19-45-19-19-45 19-45 45-19zm-640 128q26 0 45 19t19 45-19 45-45 19-45-19-19-45 19-45 45-19zm192 64q0-26 19-45t45-19 45 19 19 45-19 45-45 19-45-19-19-45zm320-64q26 0 45 19t19 45-19 45-45 19-45-19-19-45 19-45 45-19zm-640 128q26 0 45 19t19 45-19 45-45 19-45-19-19-45 19-45 45-19zm256 128q-26 0-45-19t-19-45 19-45 45-19 45 19 19 45-19 45-45 19zm256-128q26 0 45 19t19 45-19 45-45 19-45-19-19-45 19-45 45-19zm-384 256q-26 0-45-19t-19-45 19-45 45-19 45 19 19 45-19 45-45 19zm256-128q26 0 45 19t19 45-19 45-45 19-45-19-19-45 19-45 45-19zm-384 128q26 0 45 19t19 45-19 45-45 19-45-19-19-45 19-45 45-19zm256 0q26 0 45 19t19 45-19 45-45 19-45-19-19-45 19-45 45-19zm-128 128q26 0 45 19t19 45-19 45-45 19-45-19-19-45 19-45 45-19zm-128 128q26 0 45 19t19 45-19 45-45 19-45-19-19-45 19-45 45-19z\"><\/path><\/svg><\/span><\/div>\n                          <div\n                            data-colibri-id=\"4014-c36\" class=\"h-global-transition-all h-heading style-1133 style-local-4014-c36 position-relative h-element\">\n                            <!---->\n                            <div class=\"h-heading__outer style-1133 style-local-4014-c36\">\n                              <!---->\n                              <!---->\n                              <h6 class=\"\">PRS property<\/h6>\n                            <\/div>\n                        <\/div>\n                        <div data-colibri-id=\"4014-c20\" class=\"h-text h-text-component style-1120 style-local-4014-c20 position-relative h-element\">\n                          <!---->\n                          <!---->\n                          <div class=\"\">\n                            <p>Rinsing showerheads and water taps.&nbsp;<\/p>\n                          <\/div>\n                        <\/div>\n                      <\/div>\n                    <\/div>\n                  <\/div>\n                  <div class=\"h-column h-column-container d-flex h-col-lg-4 h-col-md-6 h-col-12 style-1118-outer style-local-4014-c37-outer\">\n                    <div data-colibri-id=\"4014-c37\" class=\"d-flex h-flex-basis h-column__inner h-px-lg-2 h-px-md-1 h-px-2 v-inner-lg-2 v-inner-md-1 v-inner-2 style-1118 style-local-4014-c37 position-relative\">\n                      <!---->\n                      <!---->\n                      <div class=\"w-100 h-y-container h-column__content h-column__v-align flex-basis-100 align-self-lg-start align-self-md-start align-self-start\">\n                        <!---->\n                        <div data-colibri-id=\"4014-c38\" class=\"h-icon style-1119 style-local-4014-c38 position-relative h-element\">\n                          <!----><span class=\"h-svg-icon h-icon__icon style-1119-icon style-local-4014-c38-icon\"><!--Icon by Ionicons (https:\/\/ionicons.com)--><svg version=\"1.1\" xmlns=\"http:\/\/www.w3.org\/2000\/svg\" xmlns:xlink=\"http:\/\/www.w3.org\/1999\/xlink\" id=\"android-home\" viewbox=\"0 0 416 512\"><path d=\"M160 448H62V256H0L208 64l208 192h-62v192h-98V320h-96v128z\"><\/path><\/svg><\/span><\/div>\n                        <div\n                          data-colibri-id=\"4014-c39\" class=\"h-global-transition-all h-heading style-1133 style-local-4014-c39 position-relative h-element\">\n                          <!---->\n                          <div class=\"h-heading__outer style-1133 style-local-4014-c39\">\n                            <!---->\n                            <!---->\n                            <h6 class=\"\">PRS property<\/h6>\n                          <\/div>\n                      <\/div>\n                      <div data-colibri-id=\"4014-c40\" class=\"h-text h-text-component style-1120 style-local-4014-c40 position-relative h-element\">\n                        <!---->\n                        <!---->\n                        <div class=\"\">\n                          <p>Cleaning the shower drain.&nbsp;<\/p>\n                        <\/div>\n                      <\/div>\n                    <\/div>\n                  <\/div>\n                <\/div>\n                <div class=\"h-column h-column-container d-flex h-col-lg-4 h-col-md-6 h-col-12 style-1118-outer style-local-4014-c41-outer\">\n                  <div data-colibri-id=\"4014-c41\" class=\"d-flex h-flex-basis h-column__inner h-px-lg-2 h-px-md-1 h-px-2 v-inner-lg-2 v-inner-md-1 v-inner-2 style-1118 style-local-4014-c41 position-relative\">\n                    <!---->\n                    <!---->\n                    <div class=\"w-100 h-y-container h-column__content h-column__v-align flex-basis-100 align-self-lg-start align-self-md-start align-self-start\">\n                      <!---->\n                      <div data-colibri-id=\"4014-c42\" class=\"h-icon style-1119 style-local-4014-c42 position-relative h-element\">\n                        <!----><span class=\"h-svg-icon h-icon__icon style-1119-icon style-local-4014-c42-icon\"><!--Icon by Font Awesome (https:\/\/fontawesome.com)--><svg version=\"1.1\" xmlns=\"http:\/\/www.w3.org\/2000\/svg\" xmlns:xlink=\"http:\/\/www.w3.org\/1999\/xlink\" id=\"sun-o\" viewbox=\"0 0 1792 1896.0833\"><path d=\"M1472 896q0-117-45.5-223.5t-123-184-184-123T896 320t-223.5 45.5-184 123-123 184T320 896t45.5 223.5 123 184 184 123T896 1472t223.5-45.5 184-123 123-184T1472 896zm276 277q-4 15-20 20l-292 96v306q0 16-13 26-15 10-29 4l-292-94-180 248q-10 13-26 13t-26-13l-180-248-292 94q-14 6-29-4-13-10-13-26v-306l-292-96q-16-5-20-20-5-17 4-29l180-248L48 648q-9-13-4-29 4-15 20-20l292-96V197q0-16 13-26 15-10 29-4l292 94L870 13q9-12 26-12t26 12l180 248 292-94q14-6 29 4 13 10 13 26v306l292 96q16 5 20 20 5 16-4 29l-180 248 180 248q9 12 4 29z\"><\/path><\/svg><\/span><\/div>\n                      <div\n                        data-colibri-id=\"4014-c43\" class=\"h-global-transition-all h-heading style-1133 style-local-4014-c43 position-relative h-element\">\n                        <!---->\n                        <div class=\"h-heading__outer style-1133 style-local-4014-c43\">\n                          <!---->\n                          <!---->\n                          <h6 class=\"\">PRS property<\/h6>\n                        <\/div>\n                    <\/div>\n                    <div data-colibri-id=\"4014-c44\" class=\"h-text h-text-component style-1120 style-local-4014-c44 position-relative h-element\">\n                      <!---->\n                      <!---->\n                      <div class=\"\">\n                        <p>Check ventilation, elements and if it's drafty anywhere.<\/p>\n                      <\/div>\n                    <\/div>\n                  <\/div>\n                <\/div>\n              <\/div>\n              <div class=\"h-column h-column-container d-flex h-col-lg-4 h-col-md-6 h-col-12 style-1118-outer style-local-4014-c53-outer\">\n                <div data-colibri-id=\"4014-c53\" class=\"d-flex h-flex-basis h-column__inner h-px-lg-2 h-px-md-1 h-px-2 v-inner-lg-2 v-inner-md-1 v-inner-2 style-1118 style-local-4014-c53 position-relative\">\n                  <!---->\n                  <!---->\n                  <div class=\"w-100 h-y-container h-column__content h-column__v-align flex-basis-100 align-self-lg-start align-self-md-start align-self-start\">\n                    <!---->\n                    <div data-colibri-id=\"4014-c54\" class=\"h-icon style-1119 style-local-4014-c54 position-relative h-element\">\n                      <!----><span class=\"h-svg-icon h-icon__icon style-1119-icon style-local-4014-c54-icon\"><!--Icon by Icons8 Line Awesome (https:\/\/icons8.com\/line-awesome)--><svg version=\"1.1\" xmlns=\"http:\/\/www.w3.org\/2000\/svg\" xmlns:xlink=\"http:\/\/www.w3.org\/1999\/xlink\" id=\"book\" viewbox=\"0 0 512 545.5\"><path d=\"M160 112c46.716 0 87.714 15.696 96 19 8.286-3.304 49.284-19 96-19 51.633 0 102 21 102 21l10 4.5V464H283.5c-5.535 9.55-15.662 16-27.5 16s-21.965-6.45-27.5-16H48V137.5l10-4.5s50.367-21 102-21zm0 32c-35.185 0-67.71 11.04-80 15.5v258c19-6.27 46.35-14 80-14 32.912 0 62.207 8.096 80 14v-258c-16.003-5.485-49.065-15.5-80-15.5zm192 0c-30.935 0-63.997 10.015-80 15.5v258c17.793-5.904 47.088-14 80-14 33.65 0 61 7.73 80 14v-258c-12.29-4.46-44.815-15.5-80-15.5z\"><\/path><\/svg><\/span><\/div>\n                    <div\n                      data-colibri-id=\"4014-c55\" class=\"h-global-transition-all h-heading style-1133 style-local-4014-c55 position-relative h-element\">\n                      <!---->\n                      <div class=\"h-heading__outer style-1133 style-local-4014-c55\">\n                        <!---->\n                        <!---->\n                        <h6 class=\"\">PRS property<\/h6>\n                      <\/div>\n                  <\/div>\n                  <div data-colibri-id=\"4014-c56\" class=\"h-text h-text-component style-1120 style-local-4014-c56 position-relative h-element\">\n                    <!---->\n                    <!---->\n                    <div class=\"\">\n                      <p>Maintain the washing machine according to the machine's instructions and use with care.&nbsp;<\/p>\n                    <\/div>\n                  <\/div>\n                <\/div>\n              <\/div>\n            <\/div>\n            <div class=\"h-column h-column-container d-flex h-col-lg-4 h-col-md-6 h-col-12 style-1118-outer style-local-4014-c49-outer\">\n              <div data-colibri-id=\"4014-c49\" class=\"d-flex h-flex-basis h-column__inner h-px-lg-2 h-px-md-1 h-px-2 v-inner-lg-2 v-inner-md-1 v-inner-2 style-1118 style-local-4014-c49 position-relative\">\n                <!---->\n                <!---->\n                <div class=\"w-100 h-y-container h-column__content h-column__v-align flex-basis-100 align-self-lg-start align-self-md-start align-self-start\">\n                  <!---->\n                  <div data-colibri-id=\"4014-c50\" class=\"h-icon style-1119 style-local-4014-c50 position-relative h-element\">\n                    <!----><span class=\"h-svg-icon h-icon__icon style-1119-icon style-local-4014-c50-icon\"><!--Icon by Ionicons (https:\/\/ionicons.com)--><svg version=\"1.1\" xmlns=\"http:\/\/www.w3.org\/2000\/svg\" xmlns:xlink=\"http:\/\/www.w3.org\/1999\/xlink\" id=\"ios-lightbulb-outline\" viewbox=\"0 0 288 512\"><path d=\"M288 173c0 31-13 59-30 83-11 15-22 28-32 45-22 38-18 73-18 82v1H80v-1c0-7 3-44-19-82-10-17-20-30-31-45-17-24-30-52-30-83C0 95 66 32 144 32s144 63 144 141zm-49 81l6-8c16-22 27-47 27-73 0-33-16-65-40-89s-55-36-88-36-64 12-88 36-40 56-40 89c0 26 11 51 27 73l19 26c5 6 9 13 13 21 17 29 21 58 21 75h16V256l-32-64h17l31 64v112h32V256l31-64h17l-32 64v112h16c0-17 4-45 21-75 8-14 16-25 24-36 1-1 1-2 2-3zM112 480v-16h64v16h-64zm-16-32v-16h96v16H96zm0-32v-16h96v16H96z\"><\/path><\/svg><\/span><\/div>\n                  <div\n                    data-colibri-id=\"4014-c51\" class=\"h-global-transition-all h-heading style-1133 style-local-4014-c51 position-relative h-element\">\n                    <!---->\n                    <div class=\"h-heading__outer style-1133 style-local-4014-c51\">\n                      <!---->\n                      <!---->\n                      <h6 class=\"\">PRS property<\/h6>\n                    <\/div>\n                <\/div>\n                <div data-colibri-id=\"4014-c52\" class=\"h-text h-text-component style-1120 style-local-4014-c52 position-relative h-element\">\n                  <!---->\n                  <!---->\n                  <div class=\"\">\n                    <p>Check your lighting and replace bulbs if necessary.<\/p>\n                  <\/div>\n                <\/div>\n              <\/div>\n            <\/div>\n          <\/div>\n          <div class=\"h-column h-column-container d-flex h-col-lg-4 h-col-md-6 h-col-12 style-1118-outer style-local-4014-c45-outer\">\n            <div data-colibri-id=\"4014-c45\" class=\"d-flex h-flex-basis h-column__inner h-px-lg-2 h-px-md-1 h-px-2 v-inner-lg-2 v-inner-md-1 v-inner-2 style-1118 style-local-4014-c45 position-relative\">\n              <!---->\n              <!---->\n              <div class=\"w-100 h-y-container h-column__content h-column__v-align flex-basis-100 align-self-lg-start align-self-md-start align-self-start\">\n                <!---->\n                <div data-colibri-id=\"4014-c46\" class=\"h-icon style-1119 style-local-4014-c46 position-relative h-element\">\n                  <!----><span class=\"h-svg-icon h-icon__icon style-1119-icon style-local-4014-c46-icon\"><!--Icon by Linea (http:\/\/linea.io)--><svg version=\"1.1\" id=\"Layer_1\" xmlns=\"http:\/\/www.w3.org\/2000\/svg\" xmlns:xlink=\"http:\/\/www.w3.org\/1999\/xlink\" x=\"0px\" y=\"0px\" viewbox=\"0 0 64 64\" enable-background=\"new 0 0 64 64\" xml:space=\"preserve\">\n<g>\n\t<path d=\"M29.695,38l-6.661,24.74l1.776,0.845l26-36L50,26H37.166l3.823-24.848l-1.831-0.69l-23,36L17,38H29.695z M38.291,5.532\t\tl-3.279,21.316L36,28h12.044l-21.66,29.991l5.582-20.731L31,36H18.826L38.291,5.532z\"><\/path>\n<\/g>\n<\/svg>\n<\/span><\/div>\n                <div data-colibri-id=\"4014-c47\" class=\"h-global-transition-all h-heading style-1133 style-local-4014-c47 position-relative h-element\">\n                  <!---->\n                  <div class=\"h-heading__outer style-1133 style-local-4014-c47\">\n                    <!---->\n                    <!---->\n                    <h6 class=\"\">PRS property<\/h6>\n                  <\/div>\n                <\/div>\n                <div data-colibri-id=\"4014-c48\" class=\"h-text h-text-component style-1120 style-local-4014-c48 position-relative h-element\">\n                  <!---->\n                  <!---->\n                  <div class=\"\">\n                    <p>Has the plug gone? Follow the instructions on the cabinet.<\/p>\n                  <\/div>\n                <\/div>\n              <\/div>\n            <\/div>\n          <\/div>\n        <\/div>\n      <\/div>\n    <\/div>\n  <\/div>\n<\/div>\n<\/div>\n<\/div>\n<\/div>\n<\/div>\n<\/div>","protected":false},"excerpt":{"rendered":"<p>Vi har inkluderat n\u00e5gra guidelines f\u00f6r dig som \u00e4r hyresg\u00e4st i v\u00e5ra boenden PRS property Var noga att h\u00e5lla duschen ren fri fr\u00e5n smuts och h\u00e5r.&nbsp; PRS property Var noga med att st\u00e4da rent i duschr\u00e4nnan.&nbsp; PRS property Kontrollera ventilation, element och om det drar kallt n\u00e5gonstans. PRS property Underh\u00e5ll tv\u00e4ttmaskinen enligt maskinens instruktioner och [&hellip;]<\/p>\n","protected":false},"author":3,"featured_media":0,"parent":0,"menu_order":0,"comment_status":"closed","ping_status":"closed","template":"page-templates\/full-width-page.php","meta":{"footnotes":""},"jetpack_sharing_enabled":true,"_links":{"self":[{"href":"https:\/\/prsproperty.se\/en\/wp-json\/wp\/v2\/pages\/4014"}],"collection":[{"href":"https:\/\/prsproperty.se\/en\/wp-json\/wp\/v2\/pages"}],"about":[{"href":"https:\/\/prsproperty.se\/en\/wp-json\/wp\/v2\/types\/page"}],"author":[{"embeddable":true,"href":"https:\/\/prsproperty.se\/en\/wp-json\/wp\/v2\/users\/3"}],"replies":[{"embeddable":true,"href":"https:\/\/prsproperty.se\/en\/wp-json\/wp\/v2\/comments?post=4014"}],"version-history":[{"count":6,"href":"https:\/\/prsproperty.se\/en\/wp-json\/wp\/v2\/pages\/4014\/revisions"}],"predecessor-version":[{"id":4063,"href":"https:\/\/prsproperty.se\/en\/wp-json\/wp\/v2\/pages\/4014\/revisions\/4063"}],"wp:attachment":[{"href":"https:\/\/prsproperty.se\/en\/wp-json\/wp\/v2\/media?parent=4014"}],"curies":[{"name":"wp","href":"https:\/\/api.w.org\/{rel}","templated":true}]}}