{"id":4012,"date":"2022-08-19T15:43:41","date_gmt":"2022-08-19T13:43:41","guid":{"rendered":"https:\/\/prsproperty.se\/?page_id=4012"},"modified":"2022-08-19T16:33:17","modified_gmt":"2022-08-19T14:33:17","slug":"support","status":"publish","type":"page","link":"https:\/\/prsproperty.se\/en\/support\/","title":{"rendered":"Support"},"content":{"rendered":"<div data-colibri-id=\"4012-c1\" class=\"style-1098 style-local-4012-c1 position-relative\">\r\n  <!---->\r\n  <div data-colibri-component=\"section\" data-colibri-id=\"4012-c2\" id=\"content\" class=\"h-section h-section-global-spacing d-flex align-items-lg-center align-items-md-center align-items-center style-1099 style-local-4012-c2 position-relative\">\r\n    <!---->\r\n    <!---->\r\n    <div class=\"h-section-grid-container h-section-fluid-container\">\r\n      <!---->\r\n      <div data-colibri-id=\"4012-c3\" class=\"h-row-container gutters-row-lg-2 gutters-row-md-2 gutters-row-2 gutters-row-v-lg-2 gutters-row-v-md-2 gutters-row-v-2 style-1100 style-local-4012-c3 position-relative\">\r\n        <!---->\r\n        <div class=\"h-row justify-content-lg-center justify-content-md-center justify-content-center align-items-lg-stretch align-items-md-stretch align-items-stretch gutters-col-lg-2 gutters-col-md-2 gutters-col-2 gutters-col-v-lg-2 gutters-col-v-md-2 gutters-col-v-2\">\r\n          <!---->\r\n          <div class=\"h-column h-column-container d-flex h-col-lg-auto h-col-md-auto h-col-auto style-1101-outer style-local-4012-c4-outer\">\r\n            <div data-colibri-id=\"4012-c4\" class=\"d-flex h-flex-basis h-column__inner h-px-lg-0 h-px-md-0 h-px-0 v-inner-lg-0 v-inner-md-0 v-inner-0 style-1101 style-local-4012-c4 position-relative\">\r\n              <!---->\r\n              <!---->\r\n              <div class=\"w-100 h-y-container h-column__content h-column__v-align flex-basis-100 align-self-lg-start align-self-md-start align-self-start\">\r\n                <!---->\r\n                <div data-colibri-id=\"4012-c5\" class=\"h-global-transition-all h-heading style-1102 style-local-4012-c5 position-relative h-element\">\r\n                  <!---->\r\n                  <div class=\"h-heading__outer style-1102 style-local-4012-c5\">\r\n                    <!---->\r\n                    <!---->\r\n                    <h4 class=\"\">prs property<\/h4>\r\n                  <\/div>\r\n                <\/div>\r\n                <div data-colibri-id=\"4012-c6\" class=\"h-global-transition-all h-heading style-1103 style-local-4012-c6 position-relative h-element\">\r\n                  <!---->\r\n                  <div class=\"h-heading__outer style-1103 style-local-4012-c6\">\r\n                    <!---->\r\n                    <!---->\r\n                    <h2 class=\"\">Support<\/h2>\r\n                  <\/div>\r\n                <\/div>\r\n                <div data-colibri-id=\"4012-c7\" class=\"h-text h-text-component style-1104 style-local-4012-c7 position-relative h-element\">\r\n                  <!---->\r\n                  <!---->\r\n                  <div class=\"\">\r\n                    <p>If you are experiencing issues with the water, heating and electricity etc. then please fill out the contact form. We will return your request as soon as possible. We usually come out to assist within 1-2 days.<\/p>\r\n                  <\/div>\r\n                <\/div>\r\n                <div data-colibri-id=\"4012-c8\" class=\"h-text h-text-component style-1112 style-local-4012-c8 position-relative h-element\">\r\n                  <!---->\r\n                  <!---->\r\n                  <div class=\"\">\r\n                    <p>In case of a water damage, please do not hesitate to contact us at +46709370704, and we will assist immediately.<\/p>\r\n                  <\/div>\r\n                <\/div>\r\n              <\/div>\r\n            <\/div>\r\n          <\/div>\r\n          <div class=\"h-column h-column-container d-flex h-col-lg-auto h-col-md-auto h-col-auto style-1109-outer style-local-4012-c9-outer\">\r\n            <div data-colibri-id=\"4012-c9\" class=\"d-flex h-flex-basis h-column__inner h-px-lg-3 h-px-md-3 h-px-3 v-inner-lg-3 v-inner-md-3 v-inner-3 style-1109 style-local-4012-c9 position-relative\">\r\n              <!---->\r\n              <!---->\r\n              <div class=\"w-100 h-y-container h-column__content h-column__v-align flex-basis-100 align-self-lg-start align-self-md-start align-self-start\">\r\n                <!---->\r\n                <div data-colibri-id=\"4012-c10\" class=\"h-global-transition-all h-heading style-1144 style-local-4012-c10 position-relative h-element\">\r\n                  <!---->\r\n                  <div class=\"h-heading__outer style-1144 style-local-4012-c10\">\r\n                    <!---->\r\n                    <!---->\r\n                    <h3 class=\"\"><span style=\"color: rgb(253, 251, 251);\">Need service?<\/span><\/h3>\r\n                  <\/div>\r\n                <\/div>\r\n                <div data-colibri-id=\"4012-c11\" class=\"h-global-transition-all h-heading style-1146 style-local-4012-c11 position-relative h-element\">\r\n                  <!---->\r\n                  <div class=\"h-heading__outer style-1146 style-local-4012-c11\">\r\n                    <!---->\r\n                    <!---->\r\n                    <h6 class=\"\"><span style=\"color: rgb(252, 250, 250);\">Contact our service team here!<\/span><\/h6>\r\n                  <\/div>\r\n                <\/div>\r\n                <div data-colibri-id=\"4012-c12\" class=\"h-contact-form__outer--forminator position-relative h-element\">\r\n                  <!---->\r\n                  <div class=\"h-global-transition-all h-global-transition h-global-transition-all h-contact-form-shortcode--no-style\"><div class=\"forminator-ui forminator-custom-form forminator-custom-form-4068 forminator-design--flat forminator-enclosed forminator_ajax\" data-forminator-render=\"0\" data-form=\"forminator-module-4068\" data-uid=\"69d0e99ab78bc\"><br\/><\/div><form\n\t\t\t\tid=\"forminator-module-4068\"\n\t\t\t\tclass=\"forminator-ui forminator-custom-form forminator-custom-form-4068 forminator-design--flat forminator-enclosed forminator_ajax\"\n\t\t\t\tmethod=\"post\"\n\t\t\t\tdata-forminator-render=\"0\"\n\t\t\t\tdata-form-id=\"4068\"\n\t\t\t\t data-color-option=\"default\" data-design=\"flat\" data-grid=\"enclosed\" style=\"display: none;\"\n\t\t\t\tdata-uid=\"69d0e99ab78bc\" action=\"\"\n\t\t\t><div role=\"alert\" aria-live=\"polite\" class=\"forminator-response-message forminator-error\" aria-hidden=\"true\"><\/div><div class=\"forminator-row\"><div id=\"name-1\" class=\"forminator-field-name forminator-col forminator-col-6\"><div class=\"forminator-field\"><label for=\"forminator-field-name-1_69d0e99ab78bc\" id=\"forminator-field-name-1_69d0e99ab78bc-label\" class=\"forminator-label\">Name <span class=\"forminator-required\">*<\/span><\/label><input type=\"text\" name=\"name-1\" value=\"\" placeholder=\"\" id=\"forminator-field-name-1_69d0e99ab78bc\" class=\"forminator-input forminator-name--field\" aria-required=\"true\" autocomplete=\"name\" \/><\/div><\/div><div id=\"email-1\" class=\"forminator-field-email forminator-col forminator-col-6\"><div class=\"forminator-field\"><label for=\"forminator-field-email-1_69d0e99ab78bc\" id=\"forminator-field-email-1_69d0e99ab78bc-label\" class=\"forminator-label\">Email Address <span class=\"forminator-required\">*<\/span><\/label><input type=\"email\" name=\"email-1\" value=\"\" placeholder=\"\" id=\"forminator-field-email-1_69d0e99ab78bc\" class=\"forminator-input forminator-email--field\" data-required=\"true\" aria-required=\"true\" autocomplete=\"email\" \/><\/div><\/div><\/div><div class=\"forminator-row\"><div id=\"phone-1\" class=\"forminator-field-phone forminator-col forminator-col-6\"><div class=\"forminator-field\"><label for=\"forminator-field-phone-1_69d0e99ab78bc\" id=\"forminator-field-phone-1_69d0e99ab78bc-label\" class=\"forminator-label\">Phone<\/label><input type=\"text\" name=\"phone-1\" value=\"\" placeholder=\"\" id=\"forminator-field-phone-1_69d0e99ab78bc\" class=\"forminator-input forminator-field--phone\" data-required=\"\" aria-required=\"false\" autocomplete=\"off\" \/><\/div><\/div><div id=\"address-1\" class=\"forminator-field-address forminator-col forminator-col-6\"><div class=\"forminator-row\"><div id=\"address-1-street_address\" class=\"forminator-col\"><div class=\"forminator-field\"><label for=\"forminator-field-address-1-street_address_69d0e99ab78bc\" id=\"forminator-field-address-1-street_address_69d0e99ab78bc-label\" class=\"forminator-label\">Address<\/label><input type=\"text\" name=\"address-1-street_address\" placeholder=\"\" id=\"forminator-field-address-1-street_address_69d0e99ab78bc\" class=\"forminator-input\" data-required=\"\" aria-required=\"false\" autocomplete=\"address-line1\" value=\"\" \/><\/div><\/div><\/div><\/div><\/div><div class=\"forminator-row\"><div id=\"select-1\" class=\"forminator-field-select forminator-col forminator-col-12\"><div class=\"forminator-field\"><label for=\"forminator-form-4068__field--select-1_69d0e99ab78bc\" id=\"forminator-form-4068__field--select-1_69d0e99ab78bc-label\" class=\"forminator-label\">Select<\/label><select  id=\"forminator-form-4068__field--select-1_69d0e99ab78bc\" class=\"forminator-select--field forminator-select2 forminator-select2-multiple\" data-required=\"\" name=\"select-1\" data-default-value=\"\" data-placeholder=\"\" data-search=\"false\" data-search-placeholder=\"\" data-checkbox=\"false\" data-allow-clear=\"false\" aria-labelledby=\"forminator-form-4068__field--select-1_69d0e99ab78bc-label\"><option value=\"Freja-8\"  data-calculation=\"0\">Freja 8<\/option><option value=\"L\u00e4stmakargatan-18\"  data-calculation=\"0\">L\u00e4stmakargatan 18<\/option><option value=\"Nybodagatan-4\"  data-calculation=\"0\">Nybodagatan 4<\/option><option value=\"Los-Altos-De-Aloha-48\"  data-calculation=\"0\">Los Altos De Aloha 48<\/option><option value=\"R\u00e5dmansgatan-70\"  data-calculation=\"0\">R\u00e5dmansgatan 70<\/option><option value=\"Almbygatan-10\"  data-calculation=\"0\">Almbygatan 10<\/option><option value=\"Fj\u00e4lln\u00e4sgatan-6\"  data-calculation=\"0\">Fj\u00e4lln\u00e4sgatan 6<\/option><\/select><\/div><\/div><\/div><div class=\"forminator-row\"><div id=\"textarea-2\" class=\"forminator-field-textarea forminator-col forminator-col-12\"><div class=\"forminator-field\"><label for=\"forminator-field-textarea-2_69d0e99ab78bc\" id=\"forminator-field-textarea-2_69d0e99ab78bc-label\" class=\"forminator-label\">Subject<\/label><textarea name=\"textarea-2\" placeholder=\"\" id=\"forminator-field-textarea-2_69d0e99ab78bc\" class=\"forminator-textarea\" rows=\"6\" style=\"min-height:140px;\" ><\/textarea><\/div><\/div><\/div><div class=\"forminator-row\"><div id=\"textarea-1\" class=\"forminator-field-textarea forminator-col forminator-col-12\"><div class=\"forminator-field\"><label for=\"forminator-field-textarea-1_69d0e99ab78bc\" id=\"forminator-field-textarea-1_69d0e99ab78bc-label\" class=\"forminator-label\">Message<\/label><textarea name=\"textarea-1\" placeholder=\"Enter your message...\" id=\"forminator-field-textarea-1_69d0e99ab78bc\" class=\"forminator-textarea\" rows=\"6\" style=\"min-height:140px;\" maxlength=\"180\" ><\/textarea><span id=\"forminator-field-textarea-1_69d0e99ab78bc-description\" class=\"forminator-description\"><span data-limit=\"180\" data-type=\"characters\" data-editor=\"\">0 \/ 180<\/span><\/span><\/div><\/div><\/div><div class=\"forminator-row\"><div id=\"captcha-1\" class=\"forminator-field-captcha forminator-col forminator-col-12\"><div class=\"forminator-captcha-left forminator-g-recaptcha\" data-theme=\"light\"  data-sitekey=\"6LdAWpMgAAAAADWh5Bi1_9nlwlDJYXTK9M-93tSG\" data-size=\"normal\"><\/div> <\/div><\/div><input type=\"hidden\" name=\"referer_url\" value=\"\" \/><div class=\"forminator-row forminator-row-last\"><div class=\"forminator-col\"><div class=\"forminator-field\"><button class=\"forminator-button forminator-button-submit\">Send Message<\/button><\/div><\/div><\/div><input type=\"hidden\" id=\"forminator_nonce\" name=\"forminator_nonce\" value=\"7d96d1fa81\" \/><input type=\"hidden\" name=\"_wp_http_referer\" value=\"\/en\/wp-json\/wp\/v2\/pages\/4012\" \/><input type=\"hidden\" name=\"form_id\" value=\"4068\"><input type=\"hidden\" name=\"page_id\" value=\"4012\"><input type=\"hidden\" name=\"form_type\" value=\"default\"><input type=\"hidden\" name=\"current_url\" value=\"https:\/\/prsproperty.se\/en\/support\/\"><input type=\"hidden\" name=\"render_id\" value=\"0\"><input type=\"hidden\" name=\"action\" value=\"forminator_submit_form_custom-forms\"><input type=\"hidden\" name=\"trp-form-language\" value=\"en\"\/><\/form><\/div>\r\n                <\/div>\r\n              <\/div>\r\n            <\/div>\r\n          <\/div>\r\n        <\/div>\r\n      <\/div>\r\n    <\/div>\r\n  <\/div>\r\n<\/div>","protected":false},"excerpt":{"rendered":"<p>prs property Support Om du uppt\u00e4cker att du har problem med vattnet, v\u00e4rmen eller elektriciteten med mera \u00e4r du v\u00e4lkommen att kontakta oss omg\u00e5ende via detta formul\u00e4r. Vi \u00e5terkommer s\u00e5 fort som m\u00f6jligt. Vanligtvis hj\u00e4lper vi dig inom 1-2 dagar. Om det g\u00e4ller en vattenskada \u00e4r du v\u00e4lkommen att ringa oss p\u00e5 +46709370704, s\u00e5 hj\u00e4lper [&hellip;]<\/p>\n","protected":false},"author":3,"featured_media":0,"parent":0,"menu_order":0,"comment_status":"closed","ping_status":"closed","template":"page-templates\/full-width-page.php","meta":{"footnotes":""},"jetpack_sharing_enabled":true,"_links":{"self":[{"href":"https:\/\/prsproperty.se\/en\/wp-json\/wp\/v2\/pages\/4012"}],"collection":[{"href":"https:\/\/prsproperty.se\/en\/wp-json\/wp\/v2\/pages"}],"about":[{"href":"https:\/\/prsproperty.se\/en\/wp-json\/wp\/v2\/types\/page"}],"author":[{"embeddable":true,"href":"https:\/\/prsproperty.se\/en\/wp-json\/wp\/v2\/users\/3"}],"replies":[{"embeddable":true,"href":"https:\/\/prsproperty.se\/en\/wp-json\/wp\/v2\/comments?post=4012"}],"version-history":[{"count":12,"href":"https:\/\/prsproperty.se\/en\/wp-json\/wp\/v2\/pages\/4012\/revisions"}],"predecessor-version":[{"id":4125,"href":"https:\/\/prsproperty.se\/en\/wp-json\/wp\/v2\/pages\/4012\/revisions\/4125"}],"wp:attachment":[{"href":"https:\/\/prsproperty.se\/en\/wp-json\/wp\/v2\/media?parent=4012"}],"curies":[{"name":"wp","href":"https:\/\/api.w.org\/{rel}","templated":true}]}}