{"id":3,"date":"2019-03-25T10:59:39","date_gmt":"2019-03-25T10:59:39","guid":{"rendered":"http:\/\/10.44.205.4\/wp\/ionut\/colibri_pro_business2\/?page_id=3"},"modified":"2022-06-23T09:41:34","modified_gmt":"2022-06-23T09:41:34","slug":"integritetspolicy","status":"publish","type":"page","link":"https:\/\/prsproperty.se\/en\/integritetspolicy\/","title":{"rendered":"Privacy Policy"},"content":{"rendered":"<div data-colibri-id=\"3-c1\" class=\"style-734 style-local-3-c1 position-relative\">\r\n  <!---->\r\n  <div data-colibri-component=\"section\" data-colibri-id=\"3-c2\" id=\"custom\" class=\"h-section h-section-global-spacing d-flex align-items-lg-center align-items-md-center align-items-center style-735 style-local-3-c2 position-relative\">\r\n    <!---->\r\n    <!---->\r\n    <div class=\"h-section-grid-container h-section-boxed-container\">\r\n      <!---->\r\n      <div data-colibri-id=\"3-c3\" class=\"h-row-container gutters-row-lg-2 gutters-row-md-2 gutters-row-0 gutters-row-v-lg-2 gutters-row-v-md-2 gutters-row-v-2 style-736 style-local-3-c3 position-relative\">\r\n        <!---->\r\n        <div class=\"h-row justify-content-lg-center justify-content-md-center justify-content-center align-items-lg-stretch align-items-md-stretch align-items-stretch gutters-col-lg-2 gutters-col-md-2 gutters-col-0 gutters-col-v-lg-2 gutters-col-v-md-2 gutters-col-v-2\">\r\n          <!---->\r\n          <div class=\"h-column h-column-container d-flex h-col-lg-auto h-col-md-auto h-col-auto style-737-outer style-local-3-c4-outer\">\r\n            <div data-colibri-id=\"3-c4\" class=\"d-flex h-flex-basis h-column__inner h-px-lg-2 h-px-md-2 h-px-2 v-inner-lg-2 v-inner-md-2 v-inner-2 style-737 style-local-3-c4 position-relative\">\r\n              <!---->\r\n              <!---->\r\n              <div class=\"w-100 h-y-container h-column__content h-column__v-align flex-basis-100 align-self-lg-start align-self-md-start align-self-start\">\r\n                <!---->\r\n                <div data-colibri-id=\"3-c5\" class=\"h-text h-text-component style-738 style-local-3-c5 position-relative h-element\">\r\n                  <!---->\r\n                  <!---->\r\n                  <div class=\"\">\r\n                    <p><span style=\"font-family: Poppins, &quot;Open Sans&quot;, &quot;Helvetica Neue&quot;, Helvetica, sans-serif; font-size: 14px; font-weight: 400; color: rgb(5, 5, 5);\">This privacy policy describes how PRS Property AB, registration number 556799-6508, processes your personal data within the framework of our business. Personal data refers to all information that can be directly or indirectly linked to a living natural person. Please read this Privacy Policy carefully to understand how and for what purposes we process your personal data.<\/span><\/p>\r\n                  <\/div>\r\n                <\/div>\r\n                <div data-colibri-id=\"3-c6\" class=\"h-text h-text-component style-738 style-local-3-c6 position-relative h-element\">\r\n                  <!---->\r\n                  <!---->\r\n                  <div class=\"\">\r\n                    <h4>Purpose of processing personal data<\/h4>\r\n                  <\/div>\r\n                <\/div>\r\n                <div data-colibri-id=\"3-c7\" class=\"h-text h-text-component style-738 style-local-3-c7 position-relative h-element\">\r\n                  <!---->\r\n                  <!---->\r\n                  <div class=\"\">\r\n                    <p><span style=\"font-family: Poppins, &quot;Open Sans&quot;, &quot;Helvetica Neue&quot;, Helvetica, sans-serif; font-size: 14px; font-weight: 400; color: rgb(5, 5, 5);\">We process personal data when you look for housing, become a tenant and also for some time after your agreement has ended. The purpose is to be able to administer your application, conclude agreements, maintain our obligations in the rental relationship and provide good service. This could, for example, be about putting up a name plate on the door, sending out rent receipts or receiving fault reports.<\/span><\/p>\r\n                  <\/div>\r\n                <\/div>\r\n                <div data-colibri-id=\"3-c8\" class=\"h-text h-text-component style-738 style-local-3-c8 position-relative h-element\">\r\n                  <!---->\r\n                  <!---->\r\n                  <div class=\"\">\r\n                    <h4>Personal data that may be processed<\/h4>\r\n                  <\/div>\r\n                <\/div>\r\n                <div data-colibri-id=\"3-c9\" class=\"h-text h-text-component style-738 style-local-3-c9 position-relative h-element\">\r\n                  <!---->\r\n                  <!---->\r\n                  <div class=\"\">\r\n                    <p><span style=\"font-family: Poppins, &quot;Open Sans&quot;, &quot;Helvetica Neue&quot;, Helvetica, sans-serif; font-size: 14px; font-weight: 400; color: rgb(5, 5, 5);\">Name, social security number, address (also previous or temporary address, possibly c\/o) contract number and apartment number, telephone number and possibly e-mail address, presence of security, possible guarantor, presence of trustee, guarantor and, where applicable, contact details for this person, information about payments, direct debit, passage logs in electronic key systems (where available). For student housing, the scope of studies is added through the admission notice.<\/span><\/p>\r\n                    <p><span style=\"font-family: Poppins, &quot;Open Sans&quot;, &quot;Helvetica Neue&quot;, Helvetica, sans-serif; font-size: 14px; font-weight: 400; color: rgb(5, 5, 5);\">In order to safeguard legal claims due to the agreement, the following may also be processed:<\/span><\/p>\r\n                    <p><span style=\"font-family: Poppins, &quot;Open Sans&quot;, &quot;Helvetica Neue&quot;, Helvetica, sans-serif; font-size: 14px; font-weight: 400; color: rgb(5, 5, 5);\">Payment defaults, disturbances in the accommodation, notification to the social welfare board due to the points above, suspicion of criminal activity in the apartment, information needed to be able to control unauthorized subletting and transfers.<\/span><\/p>\r\n                    <p><span style=\"font-family: Poppins, &quot;Open Sans&quot;, &quot;Helvetica Neue&quot;, Helvetica, sans-serif; font-size: 14px; font-weight: 400; color: rgb(5, 5, 5);\">In special agreement with you as a tenant, we can also process:<\/span><\/p>\r\n                    <p><span style=\"font-family: Poppins, &quot;Open Sans&quot;, &quot;Helvetica Neue&quot;, Helvetica, sans-serif; font-size: 14px; font-weight: 400; color: rgb(5, 5, 5);\">Contact information for relatives (ICE \u2013 In Case of Emergency), language preference that does not involve information about ethnicity, information such as housing adaptations in the apartment or health status, information about an interpreter and in which language, storage of personal data.<\/span><\/p>\r\n                    <p><span style=\"font-family: Poppins, &quot;Open Sans&quot;, &quot;Helvetica Neue&quot;, Helvetica, sans-serif; font-size: 14px; font-weight: 400; color: rgb(5, 5, 5);\">We save your data as long as the data is necessary to fulfill the purposes for which the data was initially collected. We have ongoing procedures that ensure that we do not store unnecessary data about you and we minimize the storage time as much as possible.<\/span><\/p>\r\n                  <\/div>\r\n                <\/div>\r\n                <div data-colibri-id=\"3-c10\" class=\"h-text h-text-component style-738 style-local-3-c10 position-relative h-element\">\r\n                  <!---->\r\n                  <!---->\r\n                  <div class=\"\">\r\n                    <h4>Access to personal data<\/h4>\r\n                  <\/div>\r\n                <\/div>\r\n                <div data-colibri-id=\"3-c11\" class=\"h-text h-text-component style-738 style-local-3-c11 position-relative h-element\">\r\n                  <!---->\r\n                  <!---->\r\n                  <div class=\"\">\r\n                    <p><span style=\"color: rgb(5, 5, 5); font-weight: 400; font-size: 14px; font-family: Poppins, &quot;Open Sans&quot;, &quot;Helvetica Neue&quot;, Helvetica, sans-serif;\">We handle your personal data restrictively. Processing, storage and deletion takes place in a safe and secure manner that ensures that no unauthorized person has access to the data. As a rule, we do not disclose your personal data to third parties, but sometimes it is necessary for the rental relationship. Your personal data may be used by our suppliers (so-called personal data processors). This can, for example, mean insurance companies, a security company's property emergency and partners who carry out repairs, maintenance and service in your property. These are subject to the same restrictions as us, according to agreement. Information may be disclosed to authorities in cases where this is required by law or authority decision. In the event of a possible sale of the property, the information may be provided to the buyer of the property. We never disclose personal data for external marketing purposes. Contact us if you have\/receive protected personal data.<\/span><\/p>\r\n                  <\/div>\r\n                <\/div>\r\n                <div data-colibri-id=\"3-c12\" class=\"h-text h-text-component style-738 style-local-3-c12 position-relative h-element\">\r\n                  <!---->\r\n                  <!---->\r\n                  <div class=\"\">\r\n                    <h4>Your rights<\/h4>\r\n                  <\/div>\r\n                <\/div>\r\n                <div data-colibri-id=\"3-c13\" class=\"h-text h-text-component style-738 style-local-3-c13 position-relative h-element\">\r\n                  <!---->\r\n                  <!---->\r\n                  <div class=\"\">\r\n                    <p><span style=\"font-family: Poppins, &quot;Open Sans&quot;, &quot;Helvetica Neue&quot;, Helvetica, sans-serif; font-size: 14px; font-weight: 400; color: rgb(5, 5, 5);\">You have the right to receive information about which personal data we handle about you, a register extract. You also have the right to have your data deleted after the end of the contract or to have it transferred to another personal data controller. Complaints about the processing of your personal data can be submitted to us as below.<\/span><\/p>\r\n                  <\/div>\r\n                <\/div>\r\n                <div data-colibri-id=\"3-c14\" class=\"h-text h-text-component style-738 style-local-3-c14 position-relative h-element\">\r\n                  <!---->\r\n                  <!---->\r\n                  <div class=\"\">\r\n                    <h4>Contact information<\/h4>\r\n                  <\/div>\r\n                <\/div>\r\n                <div data-colibri-id=\"3-c15\" class=\"h-text h-text-component style-738 style-local-3-c15 position-relative h-element\">\r\n                  <!---->\r\n                  <!---->\r\n                  <div class=\"\">\r\n                    <p><span style=\"color: rgb(5, 5, 5); font-weight: 400; font-size: 14px; font-family: Poppins, &quot;Open Sans&quot;, &quot;Helvetica Neue&quot;, Helvetica, sans-serif;\">If you have any questions, comments or complaints about our processing of your personal data or our compliance with this policy and applicable data protection law, please contact us.<\/span><\/p>\r\n                  <\/div>\r\n                <\/div>\r\n              <\/div>\r\n            <\/div>\r\n          <\/div>\r\n        <\/div>\r\n      <\/div>\r\n    <\/div>\r\n  <\/div>\r\n<\/div>","protected":false},"excerpt":{"rendered":"<p>Denna integritetspolicy beskriver hur PRS Property AB, org.nr 556799-6508, behandlar dina personuppgifter inom ramen f\u00f6r v\u00e5r verksamhet. Med personuppgifter avses all information som direkt eller indirekt kan kopplas till en levande fysisk person. Var v\u00e4nlig och l\u00e4s denna Integritetspolicy noga f\u00f6r att f\u00f6rst\u00e5 hur och f\u00f6r vilka \u00e4ndam\u00e5l vi behandlar dina personuppgifter. \u00c4ndam\u00e5l med behandling [&hellip;]<\/p>\n","protected":false},"author":1,"featured_media":0,"parent":0,"menu_order":0,"comment_status":"closed","ping_status":"open","template":"page-templates\/full-width-page.php","meta":{"footnotes":""},"jetpack_sharing_enabled":true,"_links":{"self":[{"href":"https:\/\/prsproperty.se\/en\/wp-json\/wp\/v2\/pages\/3"}],"collection":[{"href":"https:\/\/prsproperty.se\/en\/wp-json\/wp\/v2\/pages"}],"about":[{"href":"https:\/\/prsproperty.se\/en\/wp-json\/wp\/v2\/types\/page"}],"author":[{"embeddable":true,"href":"https:\/\/prsproperty.se\/en\/wp-json\/wp\/v2\/users\/1"}],"replies":[{"embeddable":true,"href":"https:\/\/prsproperty.se\/en\/wp-json\/wp\/v2\/comments?post=3"}],"version-history":[{"count":1,"href":"https:\/\/prsproperty.se\/en\/wp-json\/wp\/v2\/pages\/3\/revisions"}],"predecessor-version":[{"id":3581,"href":"https:\/\/prsproperty.se\/en\/wp-json\/wp\/v2\/pages\/3\/revisions\/3581"}],"wp:attachment":[{"href":"https:\/\/prsproperty.se\/en\/wp-json\/wp\/v2\/media?parent=3"}],"curies":[{"name":"wp","href":"https:\/\/api.w.org\/{rel}","templated":true}]}}